{"id":26,"date":"2025-07-25T16:26:01","date_gmt":"2025-07-25T14:26:01","guid":{"rendered":"https:\/\/raionteam.pl\/Raion\/services-2\/"},"modified":"2025-08-01T17:48:52","modified_gmt":"2025-08-01T15:48:52","slug":"services-2","status":"publish","type":"page","link":"https:\/\/raionteam.pl\/Raion\/services-2\/","title":{"rendered":"Polityka prywatno\u015bci"},"content":{"rendered":"\n<div class=\"wp-block-uagb-container uagb-block-dde5c922 alignfull uagb-is-root-container\">\n<div class=\"wp-block-uagb-container uagb-block-b618de5d\"><div class=\"uagb-container__shape uagb-container__shape-top uagb-container__shape-flip\"><svg xmlns=\"https:\/\/www.w3.org\/2000\/svg\" viewBox=\"0 0 283.5 19.6\" preserveAspectRatio=\"none\"><path class=\"uagb-container__shape-fill\" opacity=\"0.33\" d=\"M0 0L0 18.8 141.8 4.1 283.5 18.8 283.5 0z\"><\/path><path class=\"uagb-container__shape-fill\" opacity=\"0.33\" d=\"M0 0L0 12.6 141.8 4 283.5 12.6 283.5 0z\"><\/path><path class=\"uagb-container__shape-fill\" opacity=\"0.33\" d=\"M0 0L0 6.4 141.8 4 283.5 6.4 283.5 0z\"><\/path><path class=\"uagb-container__shape-fill\" d=\"M0 0L0 1.2 141.8 4 283.5 1.2 283.5 0z\"><\/path><\/svg><\/div>\n<div class=\"wp-block-uagb-advanced-heading uagb-block-1d772575\"><h1 class=\"uagb-heading-text\">Dbamy o Ciebie i Twoje bezpiecze\u0144stwo!<\/h1><\/div>\n<\/div>\n<\/div>\n\n\n\n<div class=\"wp-block-uagb-container uagb-block-4b0b8f05 alignfull uagb-is-root-container\"><div class=\"uagb-container-inner-blocks-wrap\">\n<div class=\"wp-block-uagb-advanced-heading uagb-block-ab53c455\"><h1 class=\"uagb-heading-text\">Polityka prywatno\u015bci<\/h1><p class=\"uagb-desc-text\">Przetwarzamy Twoje dane osobowe wy\u0142\u0105cznie wtedy, gdy jest to konieczne do prawid\u0142owego \u015bwiadczenia naszych us\u0142ug. W trosce o transparentno\u015b\u0107 i zgodnie z RODO, przedstawiamy Ci poni\u017cej informacje dotycz\u0105ce zasad przetwarzania Twoich danych osobowych.<br><strong>Administrator danych osobowych:<\/strong><br>Aleksandra Zg\u00f3recka prowadz\u0105ca dzia\u0142alno\u015b\u0107 gospodarcz\u0105 pod nazw\u0105&nbsp;<br><strong>Shiro Aleksandra Zg\u00f3recka<\/strong>,<br>adres: Orzeszkowo 39, 63-012 Dominowo,<br>tel. 662 665 809,<br>e-mail:&nbsp;<a target=\"_blank\" rel=\"noreferrer noopener\"><\/a><a href=\"mailto:karategirl9908@gmail.com\">karategirl9908@gmail.com<\/a><br><strong>Cele przetwarzania danych:<\/strong><br>Twoje dane osobowe b\u0119d\u0105 przetwarzane w nast\u0119puj\u0105cych celach:<br><strong>Kontakt i komunikacja<\/strong><br>W celu prowadzenia z Tob\u0105 korespondencji \u2013 np. poprzez formularz kontaktowy, e-mail czy wiadomo\u015bci prywatne.<br><strong>Podstawa prawna:<\/strong>&nbsp;uzasadniony interes administratora.<br><strong>Okres przechowywania:<\/strong>&nbsp;do czasu zako\u0144czenia komunikacji lub wniesienia sprzeciwu.<br><strong>Zawarcie i realizacja um\u00f3w\/zam\u00f3wie\u0144<\/strong><br>W celu zawarcia umowy, przetwarzania danych do zam\u00f3wie\u0144 lub \u2013 w przypadku danych dodatkowych \u2013 na podstawie Twojej zgody.<br><strong>Okres przetwarzania:<\/strong>&nbsp;do momentu realizacji celu, cofni\u0119cia zgody lub wyga\u015bni\u0119cia celu biznesowego.<br><strong>Obowi\u0105zki prawne<\/strong><br>Wype\u0142nienie obowi\u0105zk\u00f3w prawnych, takich jak np. wystawianie faktur i prowadzenie dokumentacji ksi\u0119gowej.<br><strong>Okres przechowywania:<\/strong>&nbsp;maksymalnie 6 lat lub d\u0142u\u017cej \u2013 zgodnie z przepisami prawa.<br><strong>Obrona przed roszczeniami i ich dochodzenie<\/strong><br><strong>Podstawa prawna:<\/strong>&nbsp;uzasadniony interes administratora.<br><strong>Okres przetwarzania:<\/strong>&nbsp;przez czas przedawnienia roszcze\u0144.<br><strong>Wysy\u0142ka tre\u015bci marketingowych<\/strong><br>Dotyczy informacji o us\u0142ugach, produktach, promocjach czy bezp\u0142atnych materia\u0142ach.<br><strong>Podstawa prawna:<\/strong>&nbsp;uzasadniony interes administratora.<br><strong>Okres przetwarzania:<\/strong>&nbsp;do czasu wniesienia sprzeciwu lub zako\u0144czenia celu biznesowego (w zale\u017cno\u015bci od tego, co nast\u0105pi wcze\u015bniej).<br>Do przesy\u0142ania tre\u015bci marketingowych drog\u0105 elektroniczn\u0105 wymagana jest Twoja zgoda (zgodnie z art. 10 ustawy o \u015bwiadczeniu us\u0142ug drog\u0105 elektroniczn\u0105). Mo\u017cesz j\u0105 cofn\u0105\u0107 w ka\u017cdej chwili, klikaj\u0105c odpowiedni link w wiadomo\u015bci e-mail lub kontaktuj\u0105c si\u0119 z nami.<br><strong>Zarz\u0105dzanie profilami spo\u0142eczno\u015bciowymi<\/strong><br>W celu obs\u0142ugi stron i grup (np. na Facebooku lub Instagramie), komunikacji z Tob\u0105, a tak\u017ce publikowania tre\u015bci marketingowych.<br>Dane s\u0105 przetwarzane tylko wtedy, gdy wchodzisz z nami w interakcj\u0119 \u2013 np. polubisz stron\u0119, do\u0142\u0105czysz do grupy lub skomentujesz post.<br><strong>Okres przetwarzania:<\/strong>&nbsp;do czasu usuni\u0119cia Twojej aktywno\u015bci (np. \u201eLubi\u0119 to\u201d, komentarza) lub zamkni\u0119cia grupy\/strony, lub wniesienia sprzeciwu.<br>Zasady dotycz\u0105ce profili spo\u0142eczno\u015bciowych s\u0105 ustalane przez administratora strony, natomiast sam portal spo\u0142eczno\u015bciowy reguluje swoje zasady wewn\u0119trzne.<br><strong>Odbiorcy danych:<\/strong><br>Twoje dane mog\u0105 by\u0107 udost\u0119pniane tylko w niezb\u0119dnym zakresie, np. firmie hostingowej, ksi\u0119gowo\u015bci, firmom kurierskim oraz partnerom realizuj\u0105cym zam\u00f3wienia.<br>Dane nie b\u0119d\u0105 przekazywane poza Europejski Obszar Gospodarczy (EOG), chyba \u017ce b\u0119dzie to konieczne i odbywa\u0107 si\u0119 b\u0119dzie zgodnie z wymogami RODO, np. poprzez odpowiednie klauzule umowne lub za Twoj\u0105 zgod\u0105.<br><strong>Twoje prawa:<\/strong><br>Zgodnie z przepisami RODO przys\u0142uguje Ci prawo do:<br>&#8211; dost\u0119pu do swoich danych osobowych,<br>&#8211; ich sprostowania,<br>&#8211; usuni\u0119cia,<br>&#8211; ograniczenia przetwarzania,<br>&#8211; wniesienia sprzeciwu wobec przetwarzania,<br>&#8211; przenoszenia danych,<br>&#8211; cofni\u0119cia zgody w dowolnym momencie (bez wp\u0142ywu na legalno\u015b\u0107 przetwarzania przed jej cofni\u0119ciem).<br>Masz r\u00f3wnie\u017c prawo z\u0142o\u017cy\u0107 skarg\u0119 do Prezesa Urz\u0119du Ochrony Danych Osobowych, je\u015bli uznasz, \u017ce Twoje dane s\u0105 przetwarzane niezgodnie z prawem. Zalecamy jednak wcze\u015bniejszy kontakt z nami w celu wyja\u015bnienia sprawy.<br><strong>Czy podanie danych jest obowi\u0105zkowe?<\/strong><br>Podanie danych jest dobrowolne, jednak brak ich podania mo\u017ce uniemo\u017cliwi\u0107 zawarcie i realizacj\u0119 umowy lub kontakt z nami.<br><\/p><\/div>\n\n\n\n<div class=\"wp-block-uagb-container uagb-block-bbd85c51\">\n<div class=\"wp-block-uagb-container uagb-block-1a56c00e\"><\/div>\n<\/div>\n<\/div><\/div>\n\n\n\n<div class=\"wp-block-uagb-container uagb-layout-grid uagb-block-50c22393 alignfull uagb-is-root-container\"><div class=\"uagb-container-inner-blocks-wrap\">\n<div class=\"wp-block-uagb-advanced-heading uagb-block-128c480c\"><h2 class=\"uagb-heading-text\">Do\u0142\u0105cz do naszego klubu<\/h2><\/div>\n\n\n\n<div class=\"wp-block-uagb-buttons uagb-buttons__outer-wrap uagb-btn__default-btn uagb-btn-tablet__default-btn uagb-btn-mobile__default-btn uagb-block-57710382\"><div class=\"uagb-buttons__wrap uagb-buttons-layout-wrap \">\n<div class=\"wp-block-uagb-buttons-child uagb-buttons__outer-wrap uagb-block-66d0176e wp-block-button\"><div class=\"uagb-button__wrapper\"><a class=\"uagb-buttons-repeater wp-block-button__link\" aria-label=\"\" href=\"https:\/\/raion-karate.sportsmanago.pl\/rekrutacja\" rel=\"follow noopener\" target=\"_self\" role=\"button\"><div class=\"uagb-button__link\">Zacznij teraz<\/div><\/a><\/div><\/div>\n<\/div><\/div>\n<\/div><\/div>\n\n\n\n<div class=\"wp-block-uagb-container uagb-block-d0418047 alignfull uagb-is-root-container\"><div class=\"uagb-container-inner-blocks-wrap\">\n<div class=\"wp-block-uagb-container uagb-block-0de1fa9f\">\n<p class=\"has-text-align-center wp-block-paragraph\"><strong>Podstawa prawna:<\/strong><br>W sprawach nieuregulowanych niniejsz\u0105 polityk\u0105 obowi\u0105zuj\u0105 przepisy prawa polskiego oraz&nbsp;<strong>Rozporz\u0105dzenia Parlamentu Europejskiego i Rady (UE) 2016\/679 (RODO).<\/strong><br><strong>Polityka plik\u00f3w cookies<\/strong><br>W ramach strony stosowane s\u0105 technologie \u015bledz\u0105ce aktywno\u015b\u0107 u\u017cytkownika:<br><strong>Facebook Pixel<\/strong>&nbsp;\u2013 umo\u017cliwia prowadzenie kampanii reklamowych i remarketingowych,<br><strong>Google Analytics<\/strong>&nbsp;\u2013 s\u0142u\u017cy do analizowania statystyk i zachowa\u0144 u\u017cytkownik\u00f3w na stronie.<br>Strona nie gromadzi danych automatycznie, poza informacjami zawartymi w plikach cookies. S\u0105 to niewielkie pliki tekstowe przechowywane na Twoim urz\u0105dzeniu ko\u0144cowym.<br>Cookies wykorzystywane s\u0105 w celu:<br>dostosowania tre\u015bci strony do preferencji u\u017cytkownika,<br>tworzenia anonimowych statystyk dotycz\u0105cych korzystania ze strony.<br>Mo\u017cesz samodzielnie zarz\u0105dza\u0107 ustawieniami cookies w swojej przegl\u0105darce. Domy\u015blnie przegl\u0105darki zezwalaj\u0105 na ich przechowywanie, ale mo\u017cesz to zmieni\u0107 w ustawieniach.<\/p>\n<\/div>\n<\/div><\/div>\n\n\n\n<div class=\"wp-block-uagb-container uagb-block-d7b60fd6 alignfull uagb-is-root-container\"><div class=\"uagb-container-inner-blocks-wrap\">\n<div class=\"wp-block-uagb-info-box uagb-block-6fdc34d4 uagb-infobox__content-wrap  uagb-infobox-icon-above-title uagb-infobox-image-valign-top\"><div class=\"uagb-ifb-content\"><div class=\"uagb-ifb-title-wrap\"><h2 class=\"uagb-ifb-title\">Zacznij swoj\u0105 przygod\u0119 ze sportami walki ju\u017c dzi\u015b!<\/h2><\/div><p class=\"uagb-ifb-desc\">To klub, kt\u00f3ry \u0142\u0105czy pasj\u0119, rozw\u00f3j osobisty i wsp\u00f3lne treningi w przyjemnej atmosferze.<\/p><div class=\"uagb-ifb-button-wrapper wp-block-button\"><a href=\"https:\/\/raion-karate.sportsmanago.pl\/rekrutacja\" class=\"uagb-infobox-cta-link wp-block-button__link\" target=\"_self\" rel=\"noopener noreferrer\" onclick=\"return true;\"><span class=\"uagb-inline-editing\">Napisz do nas!<\/span><\/a><\/div><\/div><\/div>\n<\/div><\/div>\n","protected":false},"excerpt":{"rendered":"<p>Dbamy o Ciebie i Twoje bezpiecze\u0144stwo! Polityka prywatno\u015bci Przetwarzamy Twoje dane osobowe wy\u0142\u0105cznie wtedy, gdy jest to konieczne do prawid\u0142owego \u015bwiadczenia naszych us\u0142ug. W trosce o transparentno\u015b\u0107 i zgodnie z [&hellip;]<\/p>\n","protected":false},"author":1,"featured_media":0,"parent":0,"menu_order":0,"comment_status":"closed","ping_status":"closed","template":"","meta":{"_crdt_document":"","_uag_custom_page_level_css":"","site-sidebar-layout":"default","site-content-layout":"","ast-site-content-layout":"default","site-content-style":"default","site-sidebar-style":"default","ast-global-header-display":"","ast-banner-title-visibility":"","ast-main-header-display":"","ast-hfb-above-header-display":"","ast-hfb-below-header-display":"","ast-hfb-mobile-header-display":"","site-post-title":"disabled","ast-breadcrumbs-content":"","ast-featured-img":"","footer-sml-layout":"","ast-disable-related-posts":"","theme-transparent-header-meta":"","adv-header-id-meta":"","stick-header-meta":"","header-above-stick-meta":"","header-main-stick-meta":"","header-below-stick-meta":"","astra-migrate-meta-layouts":"default","ast-page-background-enabled":"default","ast-page-background-meta":{"desktop":{"background-color":"var(--ast-global-color-4)","background-image":"","background-repeat":"repeat","background-position":"center center","background-size":"auto","background-attachment":"scroll","background-type":"","background-media":"","overlay-type":"","overlay-color":"","overlay-opacity":"","overlay-gradient":""},"tablet":{"background-color":"","background-image":"","background-repeat":"repeat","background-position":"center center","background-size":"auto","background-attachment":"scroll","background-type":"","background-media":"","overlay-type":"","overlay-color":"","overlay-opacity":"","overlay-gradient":""},"mobile":{"background-color":"","background-image":"","background-repeat":"repeat","background-position":"center center","background-size":"auto","background-attachment":"scroll","background-type":"","background-media":"","overlay-type":"","overlay-color":"","overlay-opacity":"","overlay-gradient":""}},"ast-content-background-meta":{"desktop":{"background-color":"var(--ast-global-color-5)","background-image":"","background-repeat":"repeat","background-position":"center center","background-size":"auto","background-attachment":"scroll","background-type":"","background-media":"","overlay-type":"","overlay-color":"","overlay-opacity":"","overlay-gradient":""},"tablet":{"background-color":"var(--ast-global-color-5)","background-image":"","background-repeat":"repeat","background-position":"center center","background-size":"auto","background-attachment":"scroll","background-type":"","background-media":"","overlay-type":"","overlay-color":"","overlay-opacity":"","overlay-gradient":""},"mobile":{"background-color":"var(--ast-global-color-5)","background-image":"","background-repeat":"repeat","background-position":"center center","background-size":"auto","background-attachment":"scroll","background-type":"","background-media":"","overlay-type":"","overlay-color":"","overlay-opacity":"","overlay-gradient":""}},"_EventAllDay":false,"_EventTimezone":"","_EventStartDate":"","_EventEndDate":"","_EventStartDateUTC":"","_EventEndDateUTC":"","_EventShowMap":false,"_EventShowMapLink":false,"_EventURL":"","_EventCost":"","_EventCostDescription":"","_EventCurrencySymbol":"","_EventCurrencyCode":"","_EventCurrencyPosition":"","_EventDateTimeSeparator":"","_EventTimeRangeSeparator":"","_EventOrganizerID":[],"_EventVenueID":[],"_OrganizerEmail":"","_OrganizerPhone":"","_OrganizerWebsite":"","_VenueAddress":"","_VenueCity":"","_VenueCountry":"","_VenueProvince":"","_VenueState":"","_VenueZip":"","_VenuePhone":"","_VenueURL":"","_VenueStateProvince":"","_VenueLat":"","_VenueLng":"","_VenueShowMap":false,"_VenueShowMapLink":false,"footnotes":""},"class_list":["post-26","page","type-page","status-publish","hentry"],"uagb_featured_image_src":{"full":false,"thumbnail":false,"medium":false,"medium_large":false,"large":false,"1536x1536":false,"2048x2048":false},"uagb_author_info":{"display_name":"admin","author_link":"https:\/\/raionteam.pl\/Raion\/author\/admin_karate\/"},"uagb_comment_info":0,"uagb_excerpt":"Dbamy o Ciebie i Twoje bezpiecze\u0144stwo! Polityka prywatno\u015bci Przetwarzamy Twoje dane osobowe wy\u0142\u0105cznie wtedy, gdy jest to konieczne do prawid\u0142owego \u015bwiadczenia naszych us\u0142ug. W trosce o transparentno\u015b\u0107 i zgodnie z [&hellip;]","_links":{"self":[{"href":"https:\/\/raionteam.pl\/Raion\/wp-json\/wp\/v2\/pages\/26","targetHints":{"allow":["GET"]}}],"collection":[{"href":"https:\/\/raionteam.pl\/Raion\/wp-json\/wp\/v2\/pages"}],"about":[{"href":"https:\/\/raionteam.pl\/Raion\/wp-json\/wp\/v2\/types\/page"}],"author":[{"embeddable":true,"href":"https:\/\/raionteam.pl\/Raion\/wp-json\/wp\/v2\/users\/1"}],"replies":[{"embeddable":true,"href":"https:\/\/raionteam.pl\/Raion\/wp-json\/wp\/v2\/comments?post=26"}],"version-history":[{"count":18,"href":"https:\/\/raionteam.pl\/Raion\/wp-json\/wp\/v2\/pages\/26\/revisions"}],"predecessor-version":[{"id":3565,"href":"https:\/\/raionteam.pl\/Raion\/wp-json\/wp\/v2\/pages\/26\/revisions\/3565"}],"wp:attachment":[{"href":"https:\/\/raionteam.pl\/Raion\/wp-json\/wp\/v2\/media?parent=26"}],"curies":[{"name":"wp","href":"https:\/\/api.w.org\/{rel}","templated":true}]}}