{"id":3419,"date":"2025-07-31T21:41:32","date_gmt":"2025-07-31T19:41:32","guid":{"rendered":"https:\/\/raionteam.pl\/Raion\/?page_id=3419"},"modified":"2025-11-08T10:12:14","modified_gmt":"2025-11-08T09:12:14","slug":"regulamin-platnosci","status":"publish","type":"page","link":"https:\/\/raionteam.pl\/Raion\/regulamin-platnosci\/","title":{"rendered":"Regulaminy i op\u0142aty"},"content":{"rendered":"\n<div class=\"wp-block-uagb-container uagb-block-dde5c922 alignfull uagb-is-root-container\">\n<div class=\"wp-block-uagb-container uagb-block-b618de5d\"><div class=\"uagb-container__shape uagb-container__shape-top uagb-container__shape-flip\"><svg xmlns=\"https:\/\/www.w3.org\/2000\/svg\" viewBox=\"0 0 283.5 19.6\" preserveAspectRatio=\"none\"><path class=\"uagb-container__shape-fill\" opacity=\"0.33\" d=\"M0 0L0 18.8 141.8 4.1 283.5 18.8 283.5 0z\"><\/path><path class=\"uagb-container__shape-fill\" opacity=\"0.33\" d=\"M0 0L0 12.6 141.8 4 283.5 12.6 283.5 0z\"><\/path><path class=\"uagb-container__shape-fill\" opacity=\"0.33\" d=\"M0 0L0 6.4 141.8 4 283.5 6.4 283.5 0z\"><\/path><path class=\"uagb-container__shape-fill\" d=\"M0 0L0 1.2 141.8 4 283.5 1.2 283.5 0z\"><\/path><\/svg><\/div>\n<div class=\"wp-block-uagb-advanced-heading uagb-block-1d772575\"><h1 class=\"uagb-heading-text\">Regulamin oraz cennik zaj\u0119\u0107!<\/h1><\/div>\n<\/div>\n<\/div>\n\n\n\n<div class=\"wp-block-uagb-container uagb-block-4b0b8f05 alignfull uagb-is-root-container\"><div class=\"uagb-container-inner-blocks-wrap\">\n<div class=\"wp-block-uagb-advanced-heading uagb-block-ab53c455\"><h2 class=\"uagb-heading-text\">Regulamin p\u0142atno\u015bci<\/h2><p class=\"uagb-desc-text\"><strong><mark style=\"background-color:rgba(0, 0, 0, 0)\" class=\"has-inline-color has-ast-global-color-1-color\">\u00a71<\/mark><\/strong><br><strong>Aleksandra Zg\u00f3recka prowadz\u0105ca dzia\u0142alno\u015b\u0107 gospodarcz\u0105 pod nazw\u0105 <\/strong><br><strong>Shiro Aleksandra Zg\u00f3recka,<br>adres: Orzeszkowo 39, 63-012 Dominowo,<br>tel. 662 665 809,<br>e-mail: <a href=\"mailto:karategirl9908@gmail.com\" target=\"_blank\" rel=\"noreferrer noopener\"><\/a><a href=\"mailto:karategirl9908@gmail.com\">karategirl9908@gmail.com<\/a><\/strong><br><strong><mark style=\"background-color:rgba(0, 0, 0, 0)\" class=\"has-inline-color has-ast-global-color-1-color\">\u00a72<\/mark><\/strong><br><strong>Rejestracja na treningi oraz ca\u0142o\u015b\u0107 komunikacji z uczestnikami odbywa si\u0119 wy\u0142\u0105cznie za po\u015brednictwem systemu SportManago \u2013 poprzez formularz dost\u0119pny na stronie internetowej klubu:<a href=\"http:\/\/www.raionteam.pl\/\" target=\"_blank\" rel=\"noreferrer noopener\"> www.raionteam.pl<\/a> oraz na profilu Facebook.<br>W przypadku jakichkolwiek w\u0105tpliwo\u015bci, prosimy o kontakt z <\/strong><br><strong>Aleksandr\u0105 Zg\u00f3reck\u0105 pod numerem: 662 665 809.<br>Z chwil\u0105 zaakceptowania niniejszego regulaminu przez uczestnika zaj\u0119\u0107 lub jego przedstawiciela ustawowego, zostaje zawarta umowa cywilnoprawna mi\u0119dzy Klubem Karate Raion a uczestnikiem. Umowa ta okre\u015bla wzajemne prawa i obowi\u0105zki obu stron. W kwestiach nieuregulowanych niniejszym dokumentem zastosowanie maj\u0105 odpowiednie przepisy Kodeksu cywilnego.<br>Aby prawid\u0142owo korzysta\u0107 z platformy i dost\u0119pnych us\u0142ug elektronicznych, u\u017cytkownik powinien:<br>a) posiada\u0107 po\u0142\u0105czenie z Internetem,<br>b) korzysta\u0107 z przegl\u0105darki internetowej obs\u0142uguj\u0105cej panel rezerwacyjny,<br>c) mie\u0107 aktywn\u0105 skrzynk\u0119 e-mail.<br>Us\u0142ugodawca zastrzega sobie prawo do czasowego ograniczenia dost\u0119pu do strony internetowej \u2013 w przypadku konieczno\u015bci jej serwisowania, modernizacji czy wdra\u017cania nowych funkcji.<br>U\u017cytkownikowi zabrania si\u0119 zamieszczania tre\u015bci naruszaj\u0105cych przepisy prawa, w tym:<br>a) obra\u017caj\u0105cych osoby trzecie lub ich dobre imi\u0119,<br>b) ujawniaj\u0105cych poufne informacje firm zewn\u0119trznych,<br>c) \u0142ami\u0105cych prawa autorskie i w\u0142asno\u015b\u0107 intelektualn\u0105,<br>d) sprzecznych z zasadami uczciwej konkurencji,<br>e) nawo\u0142uj\u0105cych do dzia\u0142a\u0144 niezgodnych z obowi\u0105zuj\u0105cym prawem.<br><br><\/strong><br><strong><mark style=\"background-color:rgba(0, 0, 0, 0)\" class=\"has-inline-color has-ast-global-color-1-color\">\u00a73<\/mark><\/strong><br><strong>Uczestnik zobowi\u0105zany jest do systematycznego regulowania op\u0142at za udzia\u0142 w zaj\u0119ciach zgodnie z obowi\u0105zuj\u0105cym cennikiem. P\u0142atno\u015bci mo\u017cna dokonywa\u0107 tylko przez sportsmanago.<\/strong><br><strong>Sk\u0142adki cz\u0142onkowskie:<\/strong><br><strong>Dziecko: 10 z\u0142 miesi\u0119cznie<br><br>Jeden rodzic: 5 z\u0142 miesi\u0119cznie<br><br><br>Numer konta bankowego klubu (PKO Bank Polski):<br>11 1020 4160 0000 2102 0319 1186<br>W tytule przelewu nale\u017cy poda\u0107 np.: <em>\u201esk\u0142adka cz\u0142onkowska Jan Kowalski\u201d<\/em><\/strong><br><strong><em>Czy sk\u0142adka cz\u0142onkowska jest obowi\u0105zkowa?<\/em><\/strong><br><strong><em>Klub dzia\u0142a jako stowarzyszenie, sk\u0142adka jest obowi\u0105zkowa i uregulowana statutem.<\/em><br><\/strong><br><strong>Cennik zaj\u0119\u0107 op\u0142at (miesi\u0119cznych) obowi\u0105zuj\u0105cy od 1 wrze\u015bnia 2025 r.:<\/strong><br><strong>Pojedynczy trening (wej\u015bcie jednorazowe zapoznawcze)<\/strong>\u00a0\u2013 30 z\u0142<br><strong>Grupa pocz\u0105tkuj\u0105ca (2 treningi tygodniowo)<\/strong>\u00a0\u2013 160 z\u0142<br><strong>Grupa kontynuuj\u0105ca (2 treningi tygodniowo)<\/strong>\u00a0\u2013 160 z\u0142<br><strong>Kadra Klubu B (3 treningi tygodniowo)<\/strong>\u00a0\u2013 190 z\u0142<br><strong>Kadra Klubu A (3 treningi tygodniowo)<\/strong>\u00a0\u2013 190 z\u0142<br><strong>Kickboxing (2 treningi tygodniowo)<\/strong>\u00a0\u2013 180 z\u0142<br><strong>Boks dla kobiet (1 trening tygodniowo)<\/strong> &#8211; 100 z\u0142<br><strong>Latino Solo ( 1 trening tygodniowo)\u00a0<\/strong>\u2013 130 z\u0142<br><strong>Trening indywidualny (60 minut)<\/strong>\u00a0\u2013 120 z\u0142<br><strong><br>Wszystkie op\u0142aty prosimy regulowa\u0107 do 10 dnia ka\u017cdego miesi\u0105ca.<\/strong><br><strong>W razie potrzeby dodatkowych informacji lub wyja\u015bnie\u0144, zapraszamy do kontaktu. Regulamin wchodzi w \u017cycie z dniem jego opublikowania i obowi\u0105zuje wszystkich uczestnik\u00f3w.<\/strong><\/p><\/div>\n\n\n\n<p class=\"wp-block-paragraph\"><\/p>\n\n\n\n<p class=\"wp-block-paragraph\"><\/p>\n\n\n\n<p class=\"wp-block-paragraph\"><\/p>\n\n\n\n<p class=\"wp-block-paragraph\"><\/p>\n\n\n\n<p class=\"wp-block-paragraph\"><\/p>\n\n\n\n<p class=\"wp-block-paragraph\"><\/p>\n\n\n\n<div class=\"wp-block-uagb-container uagb-block-bbd85c51\">\n<div class=\"wp-block-uagb-container uagb-block-1a56c00e\"><\/div>\n<\/div>\n<\/div><\/div>\n\n\n\n<div class=\"wp-block-uagb-container uagb-block-d7b60fd6 alignfull uagb-is-root-container\"><div class=\"uagb-container-inner-blocks-wrap\">\n<div class=\"wp-block-uagb-info-box uagb-block-6fdc34d4 uagb-infobox__content-wrap  uagb-infobox-icon-above-title uagb-infobox-image-valign-top\"><div class=\"uagb-ifb-content\"><div class=\"uagb-ifb-title-wrap\"><h2 class=\"uagb-ifb-title\">Zacznij swoj\u0105 przygod\u0119 ze sportami walki ju\u017c dzi\u015b!<\/h2><\/div><p class=\"uagb-ifb-desc\">To klub, kt\u00f3ry \u0142\u0105czy pasj\u0119, rozw\u00f3j osobisty i wsp\u00f3lne treningi w przyjemnej atmosferze.<\/p><div class=\"uagb-ifb-button-wrapper wp-block-button\"><a href=\"https:\/\/raion-karate.sportsmanago.pl\/rekrutacja\" class=\"uagb-infobox-cta-link wp-block-button__link\" target=\"_self\" rel=\"noopener noreferrer\" onclick=\"return true;\"><span class=\"uagb-inline-editing\">Napisz do nas!<\/span><\/a><\/div><\/div><\/div>\n<\/div><\/div>\n","protected":false},"excerpt":{"rendered":"<p>Regulamin oraz cennik zaj\u0119\u0107! Regulamin p\u0142atno\u015bci \u00a71Aleksandra Zg\u00f3recka prowadz\u0105ca dzia\u0142alno\u015b\u0107 gospodarcz\u0105 pod nazw\u0105 Shiro Aleksandra Zg\u00f3recka,adres: Orzeszkowo 39, 63-012 Dominowo,tel. 662 665 809,e-mail: karategirl9908@gmail.com\u00a72Rejestracja na treningi oraz ca\u0142o\u015b\u0107 komunikacji z [&hellip;]<\/p>\n","protected":false},"author":1,"featured_media":0,"parent":0,"menu_order":0,"comment_status":"closed","ping_status":"closed","template":"","meta":{"_crdt_document":"","_uag_custom_page_level_css":"","site-sidebar-layout":"default","site-content-layout":"","ast-site-content-layout":"default","site-content-style":"default","site-sidebar-style":"default","ast-global-header-display":"","ast-banner-title-visibility":"","ast-main-header-display":"","ast-hfb-above-header-display":"","ast-hfb-below-header-display":"","ast-hfb-mobile-header-display":"","site-post-title":"disabled","ast-breadcrumbs-content":"","ast-featured-img":"","footer-sml-layout":"","ast-disable-related-posts":"","theme-transparent-header-meta":"","adv-header-id-meta":"","stick-header-meta":"","header-above-stick-meta":"","header-main-stick-meta":"","header-below-stick-meta":"","astra-migrate-meta-layouts":"default","ast-page-background-enabled":"default","ast-page-background-meta":{"desktop":{"background-color":"var(--ast-global-color-4)","background-image":"","background-repeat":"repeat","background-position":"center center","background-size":"auto","background-attachment":"scroll","background-type":"","background-media":"","overlay-type":"","overlay-color":"","overlay-opacity":"","overlay-gradient":""},"tablet":{"background-color":"","background-image":"","background-repeat":"repeat","background-position":"center center","background-size":"auto","background-attachment":"scroll","background-type":"","background-media":"","overlay-type":"","overlay-color":"","overlay-opacity":"","overlay-gradient":""},"mobile":{"background-color":"","background-image":"","background-repeat":"repeat","background-position":"center center","background-size":"auto","background-attachment":"scroll","background-type":"","background-media":"","overlay-type":"","overlay-color":"","overlay-opacity":"","overlay-gradient":""}},"ast-content-background-meta":{"desktop":{"background-color":"var(--ast-global-color-5)","background-image":"","background-repeat":"repeat","background-position":"center center","background-size":"auto","background-attachment":"scroll","background-type":"","background-media":"","overlay-type":"","overlay-color":"","overlay-opacity":"","overlay-gradient":""},"tablet":{"background-color":"var(--ast-global-color-5)","background-image":"","background-repeat":"repeat","background-position":"center center","background-size":"auto","background-attachment":"scroll","background-type":"","background-media":"","overlay-type":"","overlay-color":"","overlay-opacity":"","overlay-gradient":""},"mobile":{"background-color":"var(--ast-global-color-5)","background-image":"","background-repeat":"repeat","background-position":"center center","background-size":"auto","background-attachment":"scroll","background-type":"","background-media":"","overlay-type":"","overlay-color":"","overlay-opacity":"","overlay-gradient":""}},"_EventAllDay":false,"_EventTimezone":"","_EventStartDate":"","_EventEndDate":"","_EventStartDateUTC":"","_EventEndDateUTC":"","_EventShowMap":false,"_EventShowMapLink":false,"_EventURL":"","_EventCost":"","_EventCostDescription":"","_EventCurrencySymbol":"","_EventCurrencyCode":"","_EventCurrencyPosition":"","_EventDateTimeSeparator":"","_EventTimeRangeSeparator":"","_EventOrganizerID":[],"_EventVenueID":[],"_OrganizerEmail":"","_OrganizerPhone":"","_OrganizerWebsite":"","_VenueAddress":"","_VenueCity":"","_VenueCountry":"","_VenueProvince":"","_VenueState":"","_VenueZip":"","_VenuePhone":"","_VenueURL":"","_VenueStateProvince":"","_VenueLat":"","_VenueLng":"","_VenueShowMap":false,"_VenueShowMapLink":false,"footnotes":""},"class_list":["post-3419","page","type-page","status-publish","hentry"],"uagb_featured_image_src":{"full":false,"thumbnail":false,"medium":false,"medium_large":false,"large":false,"1536x1536":false,"2048x2048":false},"uagb_author_info":{"display_name":"admin","author_link":"https:\/\/raionteam.pl\/Raion\/author\/admin_karate\/"},"uagb_comment_info":0,"uagb_excerpt":"Regulamin oraz cennik zaj\u0119\u0107! Regulamin p\u0142atno\u015bci \u00a71Aleksandra Zg\u00f3recka prowadz\u0105ca dzia\u0142alno\u015b\u0107 gospodarcz\u0105 pod nazw\u0105 Shiro Aleksandra Zg\u00f3recka,adres: Orzeszkowo 39, 63-012 Dominowo,tel. 662 665 809,e-mail: karategirl9908@gmail.com\u00a72Rejestracja na treningi oraz ca\u0142o\u015b\u0107 komunikacji z [&hellip;]","_links":{"self":[{"href":"https:\/\/raionteam.pl\/Raion\/wp-json\/wp\/v2\/pages\/3419","targetHints":{"allow":["GET"]}}],"collection":[{"href":"https:\/\/raionteam.pl\/Raion\/wp-json\/wp\/v2\/pages"}],"about":[{"href":"https:\/\/raionteam.pl\/Raion\/wp-json\/wp\/v2\/types\/page"}],"author":[{"embeddable":true,"href":"https:\/\/raionteam.pl\/Raion\/wp-json\/wp\/v2\/users\/1"}],"replies":[{"embeddable":true,"href":"https:\/\/raionteam.pl\/Raion\/wp-json\/wp\/v2\/comments?post=3419"}],"version-history":[{"count":5,"href":"https:\/\/raionteam.pl\/Raion\/wp-json\/wp\/v2\/pages\/3419\/revisions"}],"predecessor-version":[{"id":4075,"href":"https:\/\/raionteam.pl\/Raion\/wp-json\/wp\/v2\/pages\/3419\/revisions\/4075"}],"wp:attachment":[{"href":"https:\/\/raionteam.pl\/Raion\/wp-json\/wp\/v2\/media?parent=3419"}],"curies":[{"name":"wp","href":"https:\/\/api.w.org\/{rel}","templated":true}]}}